{"id":102,"date":"2020-09-21T16:58:25","date_gmt":"2020-09-21T16:58:25","guid":{"rendered":"https:\/\/www.cssigniter.com\/demos\/aegean-resort\/?page_id=102"},"modified":"2023-01-02T23:03:18","modified_gmt":"2023-01-02T23:03:18","slug":"3d-walk","status":"publish","type":"page","link":"https:\/\/villazoe-vis.com\/hr\/3d-walk\/","title":{"rendered":"3D pregled"},"content":{"rendered":"<figure class=\"wp-block-gallery has-nested-images columns-default is-cropped wp-block-gallery-1 is-layout-flex wp-block-gallery-is-layout-flex\"><\/figure>\n\n\n\n<div style=\"height: 80vh; width:80vw\">\n<iframe style=\"position:center;top:0px;left:0;width:100%;height:100%\" src=\"https:\/\/perspekto-media-j-d-o-o.captur3d.io\/view\/perspekto-media-j-d-o-o\/villa-zoe\"><\/iframe>\n<\/div>","protected":false},"excerpt":{"rendered":"<p>\u0160to mo\u017eete o\u010dekivati od va\u0161eg posjeta.<\/p>","protected":false},"author":1,"featured_media":0,"parent":0,"menu_order":0,"comment_status":"closed","ping_status":"closed","template":"templates\/template-fullwidth-boxed.php","meta":{"footnotes":""},"class_list":["post-102","page","type-page","status-publish","hentry"],"yoast_head":"<!-- This site is optimized with the Yoast SEO plugin v27.0 - https:\/\/yoast.com\/product\/yoast-seo-wordpress\/ -->\n<title>3D Walk trough - Villa Zoe Suites - Vis island<\/title>\n<meta name=\"robots\" content=\"index, follow, max-snippet:-1, max-image-preview:large, max-video-preview:-1\" \/>\n<link rel=\"canonical\" href=\"https:\/\/villazoe-vis.com\/hr\/3d-walk\/\" \/>\n<meta property=\"og:locale\" content=\"hr_HR\" \/>\n<meta property=\"og:type\" content=\"article\" \/>\n<meta property=\"og:title\" content=\"3D Walk trough - Villa Zoe Suites - Vis island\" \/>\n<meta property=\"og:description\" content=\"What to expect from your visit.\" \/>\n<meta property=\"og:url\" content=\"https:\/\/villazoe-vis.com\/hr\/3d-walk\/\" \/>\n<meta property=\"og:site_name\" content=\"Villa Zoe Suites - Vis island\" \/>\n<meta property=\"article:modified_time\" content=\"2023-01-02T23:03:18+00:00\" \/>\n<meta name=\"twitter:card\" content=\"summary_large_image\" \/>\n<script type=\"application\/ld+json\" class=\"yoast-schema-graph\">{\"@context\":\"https:\/\/schema.org\",\"@graph\":[{\"@type\":\"WebPage\",\"@id\":\"https:\/\/villazoe-vis.com\/3d-walk\/\",\"url\":\"https:\/\/villazoe-vis.com\/3d-walk\/\",\"name\":\"3D Walk trough - Villa Zoe Suites - Vis island\",\"isPartOf\":{\"@id\":\"https:\/\/villazoe-vis.com\/#website\"},\"datePublished\":\"2020-09-21T16:58:25+00:00\",\"dateModified\":\"2023-01-02T23:03:18+00:00\",\"breadcrumb\":{\"@id\":\"https:\/\/villazoe-vis.com\/3d-walk\/#breadcrumb\"},\"inLanguage\":\"hr\",\"potentialAction\":[{\"@type\":\"ReadAction\",\"target\":[\"https:\/\/villazoe-vis.com\/3d-walk\/\"]}]},{\"@type\":\"BreadcrumbList\",\"@id\":\"https:\/\/villazoe-vis.com\/3d-walk\/#breadcrumb\",\"itemListElement\":[{\"@type\":\"ListItem\",\"position\":1,\"name\":\"Home\",\"item\":\"https:\/\/villazoe-vis.com\/\"},{\"@type\":\"ListItem\",\"position\":2,\"name\":\"3D Walk trough\"}]},{\"@type\":\"WebSite\",\"@id\":\"https:\/\/villazoe-vis.com\/#website\",\"url\":\"https:\/\/villazoe-vis.com\/\",\"name\":\"Villa Zoe Suites - Vis island\",\"description\":\"Luxury apartments on Island Vis\",\"publisher\":{\"@id\":\"https:\/\/villazoe-vis.com\/#organization\"},\"potentialAction\":[{\"@type\":\"SearchAction\",\"target\":{\"@type\":\"EntryPoint\",\"urlTemplate\":\"https:\/\/villazoe-vis.com\/?s={search_term_string}\"},\"query-input\":{\"@type\":\"PropertyValueSpecification\",\"valueRequired\":true,\"valueName\":\"search_term_string\"}}],\"inLanguage\":\"hr\"},{\"@type\":\"Organization\",\"@id\":\"https:\/\/villazoe-vis.com\/#organization\",\"name\":\"Villa Zoe Suites - Vis island\",\"url\":\"https:\/\/villazoe-vis.com\/\",\"logo\":{\"@type\":\"ImageObject\",\"inLanguage\":\"hr\",\"@id\":\"https:\/\/villazoe-vis.com\/#\/schema\/logo\/image\/\",\"url\":\"https:\/\/villazoe-vis.com\/wp-content\/uploads\/2023\/01\/logo-1.png\",\"contentUrl\":\"https:\/\/villazoe-vis.com\/wp-content\/uploads\/2023\/01\/logo-1.png\",\"width\":117,\"height\":38,\"caption\":\"Villa Zoe Suites - Vis island\"},\"image\":{\"@id\":\"https:\/\/villazoe-vis.com\/#\/schema\/logo\/image\/\"}}]}<\/script>\n<!-- \/ Yoast SEO plugin. -->","yoast_head_json":{"title":"3D Walk trough - Villa Zoe Suites - Vis island","robots":{"index":"index","follow":"follow","max-snippet":"max-snippet:-1","max-image-preview":"max-image-preview:large","max-video-preview":"max-video-preview:-1"},"canonical":"https:\/\/villazoe-vis.com\/hr\/3d-walk\/","og_locale":"hr_HR","og_type":"article","og_title":"3D Walk trough - Villa Zoe Suites - Vis island","og_description":"What to expect from your visit.","og_url":"https:\/\/villazoe-vis.com\/hr\/3d-walk\/","og_site_name":"Villa Zoe Suites - Vis island","article_modified_time":"2023-01-02T23:03:18+00:00","twitter_card":"summary_large_image","schema":{"@context":"https:\/\/schema.org","@graph":[{"@type":"WebPage","@id":"https:\/\/villazoe-vis.com\/3d-walk\/","url":"https:\/\/villazoe-vis.com\/3d-walk\/","name":"3D Walk trough - Villa Zoe Suites - Vis island","isPartOf":{"@id":"https:\/\/villazoe-vis.com\/#website"},"datePublished":"2020-09-21T16:58:25+00:00","dateModified":"2023-01-02T23:03:18+00:00","breadcrumb":{"@id":"https:\/\/villazoe-vis.com\/3d-walk\/#breadcrumb"},"inLanguage":"hr","potentialAction":[{"@type":"ReadAction","target":["https:\/\/villazoe-vis.com\/3d-walk\/"]}]},{"@type":"BreadcrumbList","@id":"https:\/\/villazoe-vis.com\/3d-walk\/#breadcrumb","itemListElement":[{"@type":"ListItem","position":1,"name":"Home","item":"https:\/\/villazoe-vis.com\/"},{"@type":"ListItem","position":2,"name":"3D Walk trough"}]},{"@type":"WebSite","@id":"https:\/\/villazoe-vis.com\/#website","url":"https:\/\/villazoe-vis.com\/","name":"Villa Zoe Suites - Vis island","description":"Luxury apartments on Island Vis","publisher":{"@id":"https:\/\/villazoe-vis.com\/#organization"},"potentialAction":[{"@type":"SearchAction","target":{"@type":"EntryPoint","urlTemplate":"https:\/\/villazoe-vis.com\/?s={search_term_string}"},"query-input":{"@type":"PropertyValueSpecification","valueRequired":true,"valueName":"search_term_string"}}],"inLanguage":"hr"},{"@type":"Organization","@id":"https:\/\/villazoe-vis.com\/#organization","name":"Villa Zoe Suites - Vis island","url":"https:\/\/villazoe-vis.com\/","logo":{"@type":"ImageObject","inLanguage":"hr","@id":"https:\/\/villazoe-vis.com\/#\/schema\/logo\/image\/","url":"https:\/\/villazoe-vis.com\/wp-content\/uploads\/2023\/01\/logo-1.png","contentUrl":"https:\/\/villazoe-vis.com\/wp-content\/uploads\/2023\/01\/logo-1.png","width":117,"height":38,"caption":"Villa Zoe Suites - Vis island"},"image":{"@id":"https:\/\/villazoe-vis.com\/#\/schema\/logo\/image\/"}}]}},"_links":{"self":[{"href":"https:\/\/villazoe-vis.com\/hr\/wp-json\/wp\/v2\/pages\/102","targetHints":{"allow":["GET"]}}],"collection":[{"href":"https:\/\/villazoe-vis.com\/hr\/wp-json\/wp\/v2\/pages"}],"about":[{"href":"https:\/\/villazoe-vis.com\/hr\/wp-json\/wp\/v2\/types\/page"}],"author":[{"embeddable":true,"href":"https:\/\/villazoe-vis.com\/hr\/wp-json\/wp\/v2\/users\/1"}],"replies":[{"embeddable":true,"href":"https:\/\/villazoe-vis.com\/hr\/wp-json\/wp\/v2\/comments?post=102"}],"version-history":[{"count":12,"href":"https:\/\/villazoe-vis.com\/hr\/wp-json\/wp\/v2\/pages\/102\/revisions"}],"predecessor-version":[{"id":733,"href":"https:\/\/villazoe-vis.com\/hr\/wp-json\/wp\/v2\/pages\/102\/revisions\/733"}],"wp:attachment":[{"href":"https:\/\/villazoe-vis.com\/hr\/wp-json\/wp\/v2\/media?parent=102"}],"curies":[{"name":"wp","href":"https:\/\/api.w.org\/{rel}","templated":true}]}}