{"id":86,"date":"2020-09-21T16:46:07","date_gmt":"2020-09-21T16:46:07","guid":{"rendered":"https:\/\/www.cssigniter.com\/demos\/aegean-resort\/?page_id=86"},"modified":"2023-07-04T10:23:23","modified_gmt":"2023-07-04T10:23:23","slug":"about-us","status":"publish","type":"page","link":"https:\/\/villazoe-vis.com\/hr\/about-us\/","title":{"rendered":"O nama"},"content":{"rendered":"<div id=\"block-dac394-b7\" class=\"wp-block-gutenbee-container block-dac394-b7\"><div class=\"wp-block-gutenbee-container-inner\"><div class=\"wp-block-gutenbee-container-row wp-block-gutenbee-container-lg\">\n<div class=\"wp-block-gutenbee-column block-f08355-97\"><style>@media (max-width: 991px) {\n        .wp-block-gutenbee-column.block-f08355-97 { flex-basis: 100%; }\n      }\n    \n\n      @media (max-width: 575px) {\n        .wp-block-gutenbee-column.block-f08355-97 { flex-basis: 100%; }\n      }<\/style><div class=\"wp-block-gutenbee-column-content\">\n<div class=\"wp-block-gutenbee-spacer block-2fad63-6558-4c\" aria-hidden=\"true\"><style>.wp-block-gutenbee-spacer.block-2fad63-6558-4c { height: 20px; }<\/style><div class=\"wp-block-gutenbee-spacer-background\" data-parallax-speed=\"0.3\"><\/div><\/div>\n\n\n\n<p>VIlla Zoe is located in the center of Vis, in the town of Komi\u017ea, more specifically in Put Batude street. Vis is considered one of the most beautiful islands in the Adriatic Sea, and for good reason! Due to the preservation and diversity of its nature, visitors from all around the world come here throughout the year to enjoy the smells, views, and sea. Because of its relative isolation, the architecture of the island has also been preserved.<\/p>\n\n\n\n<p>The island&#8217;s heritage dates back to ancient Greek and Roman times, leaving a deep historical impact and preserved ancient customs. Vacationing on Vis is therefore a unique experience that differs from a typical holiday.<\/p>\n\n\n\n<p>The fortunate circumstance of the island&#8217;s magical isolation, crystal clear sea, and countless sunny days make this place an ideal vacation spot. This was recognized by the cast and crew of the famous film Mamma Mia! Here We Go Again, who chose this island out of the thousands in Croatia to film one of the best musical films of 2018.<\/p>\n\n\n\n<p><\/p>\n\n\n\n<p>\u200b<\/p>\n<\/div><\/div>\n<\/div><\/div><div class=\"wp-block-gutenbee-container-background\" data-parallax-speed=\"0.3\"><\/div><\/div>\n\n\n\n<iframe src=\"https:\/\/www.google.com\/maps\/embed?pb=!1m14!1m8!1m3!1d11663.116794462769!2d16.091717!3d43.046077!3m2!1i1024!2i768!4f13.1!3m3!1m2!1s0x0%3A0x176fa0a902e6793f!2sVilla%20Zoe%20Vis!5e0!3m2!1shr!2shr!4v1672699010312!5m2!1shr!2shr\" width=\"100%\" height=\"450\" style=\"border:0;\" allowfullscreen=\"\" loading=\"lazy\" referrerpolicy=\"no-referrer-when-downgrade\"><\/iframe>\n\n\n\n<div class=\"wp-block-gutenbee-spacer block-ad5b89-86f1-4d\" aria-hidden=\"true\"><style>.wp-block-gutenbee-spacer.block-ad5b89-86f1-4d { height: 20px; }<\/style><div class=\"wp-block-gutenbee-spacer-background\" data-parallax-speed=\"0.3\"><\/div><\/div>\n\n\n\n<h2 id=\"block-269efb-51\" class=\"wp-block-gutenbee-heading block-269efb-51\">Key  Points:<\/h2>\n\n\n\n<ul class=\"wp-block-list\">\n<li>12 luxury apartments<\/li>\n\n\n\n<li>Fully equipped kitchen and terrace with garden view, sea view or with a private pool<\/li>\n\n\n\n<li>Veliko sun\u010dali\u0161te okru\u017eeno vrtovima s brojnim cvije\u0107em i drve\u0107em<\/li>\n<\/ul>\n\n\n\n<div id=\"block-867d3f-ac\" class=\"wp-block-gutenbee-divider block-867d3f-ac align-center\" style=\"height:10px\"><div class=\"wp-block-gutenbee-divider-inner\" style=\"border-top-style:dotted;border-top-width:1px;border-top-color:#929292;width:100%\"><\/div><\/div>\n\n\n\n<div id=\"block-ce8019-00\" class=\"wp-block-gutenbee-container block-ce8019-00\"><div class=\"wp-block-gutenbee-container-inner\"><div class=\"wp-block-gutenbee-container-row wp-block-gutenbee-container-lg\"><\/div><\/div><div class=\"wp-block-gutenbee-container-background\" data-parallax-speed=\"0.3\"><\/div><\/div>\n\n\n\n<h2 id=\"block-029f4a-9c3f-4a\" class=\"wp-block-gutenbee-heading block-029f4a-9c3f-4a\">Na\u0161i apartmani<\/h2>\n\n\n\n<div id=\"block-80281d-bd47-4b\" class=\"wp-block-gutenbee-container block-80281d-bd47-4b\"><div class=\"wp-block-gutenbee-container-inner\"><div class=\"wp-block-gutenbee-container-row wp-block-gutenbee-container-lg\">\n<div class=\"wp-block-gutenbee-column block-8902dc-eef9-4c\"><style>.wp-block-gutenbee-column.block-8902dc-eef9-4c { flex-basis: 100%; }\n\n\n      @media (max-width: 991px) {\n        .wp-block-gutenbee-column.block-8902dc-eef9-4c { flex-basis: 100%; }\n      }\n    \n\n      @media (max-width: 575px) {\n        .wp-block-gutenbee-column.block-8902dc-eef9-4c { flex-basis: 100%; }\n      }<\/style><div class=\"wp-block-gutenbee-column-content\"><div\n\t\t\t\tid=\"block-5fb4a0-f5e2-4f\"\n\t\t\t\tclass=\"wp-block-gutenbee-post-types block-5fb4a0-f5e2-4f\"\n\t\t\t\t\t\t\t><div class=\"row row-items row-columns-2\">\t\t\t\t<div class=\"apartments term-10 col-sm-6 col-12\">\n<div id=\"entry-item-505\" class=\"entry-item post-505 ignition-accommodati type-ignition-accommodati status-publish has-post-thumbnail hentry ignition_accommodation_category-apartments\">\n\t\t\t<figure class=\"entry-item-thumb\">\n\t\t\t<a href=\"https:\/\/villazoe-vis.com\/hr\/accommodation\/deluxe-studio-apartment-with-balcony-and-sea-view-2\/\">\n\t\t\t\t<img loading=\"lazy\" decoding=\"async\" width=\"615\" height=\"410\" src=\"https:\/\/villazoe-vis.com\/wp-content\/uploads\/2023\/01\/villa-Zoe-vis-10062022_094248-1-1-615x410.jpg\" class=\"attachment-ignition_item size-ignition_item wp-post-image\" alt=\"\" srcset=\"https:\/\/villazoe-vis.com\/wp-content\/uploads\/2023\/01\/villa-Zoe-vis-10062022_094248-1-1-615x410.jpg 615w, https:\/\/villazoe-vis.com\/wp-content\/uploads\/2023\/01\/villa-Zoe-vis-10062022_094248-1-1-870x580.jpg 870w, https:\/\/villazoe-vis.com\/wp-content\/uploads\/2023\/01\/villa-Zoe-vis-10062022_094248-1-1-1170x780.jpg 1170w\" sizes=\"auto, (max-width: 615px) 100vw, 615px\" \/>\t\t\t<\/a>\n\t\t<\/figure>\n\t\n\t<div class=\"entry-item-content\">\n\t\t<h2 class=\"entry-item-title\"><a href=\"https:\/\/villazoe-vis.com\/hr\/accommodation\/deluxe-studio-apartment-with-balcony-and-sea-view-2\/\">Deluxe Apartment Zoe #1 \u2013 prvi kat \u2013 privatni bazen<\/a><\/h2>\n\t\t\t\t\t<div class=\"entry-item-excerpt\">\n\t\t\t\t<p>73m<sup>2<\/sup> \/ Privatni bazen<\/p>\n\t\t\t<\/div>\n\t\t\n\t\t<a href=\"https:\/\/villazoe-vis.com\/hr\/accommodation\/deluxe-studio-apartment-with-balcony-and-sea-view-2\/\" class=\"btn btn-entry-more\">\n\t\t\tLearn More\t\t<\/a>\n\t<\/div>\n<\/div>\n<\/div>\t\t\t\t<div class=\"apartments term-10 col-sm-6 col-12\">\n<div id=\"entry-item-538\" class=\"entry-item post-538 ignition-accommodati type-ignition-accommodati status-publish has-post-thumbnail hentry ignition_accommodation_category-apartments\">\n\t\t\t<figure class=\"entry-item-thumb\">\n\t\t\t<a href=\"https:\/\/villazoe-vis.com\/hr\/accommodation\/deluxe-studio-apartment-with-balcony-and-sea-view-2-2\/\">\n\t\t\t\t<img loading=\"lazy\" decoding=\"async\" width=\"615\" height=\"410\" src=\"https:\/\/villazoe-vis.com\/wp-content\/uploads\/2023\/01\/villa-Zoe-vis-suite-2-10062022_110330-1-615x410.jpg\" class=\"attachment-ignition_item size-ignition_item wp-post-image\" alt=\"\" srcset=\"https:\/\/villazoe-vis.com\/wp-content\/uploads\/2023\/01\/villa-Zoe-vis-suite-2-10062022_110330-1-615x410.jpg 615w, https:\/\/villazoe-vis.com\/wp-content\/uploads\/2023\/01\/villa-Zoe-vis-suite-2-10062022_110330-1-870x580.jpg 870w, https:\/\/villazoe-vis.com\/wp-content\/uploads\/2023\/01\/villa-Zoe-vis-suite-2-10062022_110330-1-1170x780.jpg 1170w\" sizes=\"auto, (max-width: 615px) 100vw, 615px\" \/>\t\t\t<\/a>\n\t\t<\/figure>\n\t\n\t<div class=\"entry-item-content\">\n\t\t<h2 class=\"entry-item-title\"><a href=\"https:\/\/villazoe-vis.com\/hr\/accommodation\/deluxe-studio-apartment-with-balcony-and-sea-view-2-2\/\">Deluxe apartman Zoe #2 - prizemlje - privatni bazen<\/a><\/h2>\n\t\t\t\t\t<div class=\"entry-item-excerpt\">\n\t\t\t\t<p>97m<sup>2<\/sup> \/ Privatni bazen \/ 6pax<\/p>\n\t\t\t<\/div>\n\t\t\n\t\t<a href=\"https:\/\/villazoe-vis.com\/hr\/accommodation\/deluxe-studio-apartment-with-balcony-and-sea-view-2-2\/\" class=\"btn btn-entry-more\">\n\t\t\tLearn More\t\t<\/a>\n\t<\/div>\n<\/div>\n<\/div>\t\t\t\t<div class=\"apartments term-10 col-sm-6 col-12\">\n<div id=\"entry-item-562\" class=\"entry-item post-562 ignition-accommodati type-ignition-accommodati status-publish has-post-thumbnail hentry ignition_accommodation_category-apartments\">\n\t\t\t<figure class=\"entry-item-thumb\">\n\t\t\t<a href=\"https:\/\/villazoe-vis.com\/hr\/accommodation\/deluxe-studio-apartment-with-balcony-and-sea-view-2-2-2\/\">\n\t\t\t\t<img loading=\"lazy\" decoding=\"async\" width=\"615\" height=\"410\" src=\"https:\/\/villazoe-vis.com\/wp-content\/uploads\/2023\/01\/villa-Zoe-vis-suite-3-10062022_100741-615x410.jpg\" class=\"attachment-ignition_item size-ignition_item wp-post-image\" alt=\"\" srcset=\"https:\/\/villazoe-vis.com\/wp-content\/uploads\/2023\/01\/villa-Zoe-vis-suite-3-10062022_100741-615x410.jpg 615w, https:\/\/villazoe-vis.com\/wp-content\/uploads\/2023\/01\/villa-Zoe-vis-suite-3-10062022_100741-870x580.jpg 870w, https:\/\/villazoe-vis.com\/wp-content\/uploads\/2023\/01\/villa-Zoe-vis-suite-3-10062022_100741-1170x780.jpg 1170w\" sizes=\"auto, (max-width: 615px) 100vw, 615px\" \/>\t\t\t<\/a>\n\t\t<\/figure>\n\t\n\t<div class=\"entry-item-content\">\n\t\t<h2 class=\"entry-item-title\"><a href=\"https:\/\/villazoe-vis.com\/hr\/accommodation\/deluxe-studio-apartment-with-balcony-and-sea-view-2-2-2\/\">Deluxe apartman Zoe #3 - prizemlje<\/a><\/h2>\n\t\t\t\t\t<div class=\"entry-item-excerpt\">\n\t\t\t\t<p>95m<sup>2<\/sup> \/ Eco friendly \/ 6 pax<\/p>\n\t\t\t<\/div>\n\t\t\n\t\t<a href=\"https:\/\/villazoe-vis.com\/hr\/accommodation\/deluxe-studio-apartment-with-balcony-and-sea-view-2-2-2\/\" class=\"btn btn-entry-more\">\n\t\t\tLearn More\t\t<\/a>\n\t<\/div>\n<\/div>\n<\/div>\t\t\t\t<div class=\"apartments term-10 col-sm-6 col-12\">\n<div id=\"entry-item-602\" class=\"entry-item post-602 ignition-accommodati type-ignition-accommodati status-publish has-post-thumbnail hentry ignition_accommodation_category-apartments\">\n\t\t\t<figure class=\"entry-item-thumb\">\n\t\t\t<a href=\"https:\/\/villazoe-vis.com\/hr\/accommodation\/deluxe-studio-apartment-with-balcony-and-sea-view-2-2-2-2\/\">\n\t\t\t\t<img loading=\"lazy\" decoding=\"async\" width=\"615\" height=\"410\" src=\"https:\/\/villazoe-vis.com\/wp-content\/uploads\/2023\/01\/villa-Zoe-vis-suite-4-10062022_102458-615x410.jpg\" class=\"attachment-ignition_item size-ignition_item wp-post-image\" alt=\"\" srcset=\"https:\/\/villazoe-vis.com\/wp-content\/uploads\/2023\/01\/villa-Zoe-vis-suite-4-10062022_102458-615x410.jpg 615w, https:\/\/villazoe-vis.com\/wp-content\/uploads\/2023\/01\/villa-Zoe-vis-suite-4-10062022_102458-870x580.jpg 870w, https:\/\/villazoe-vis.com\/wp-content\/uploads\/2023\/01\/villa-Zoe-vis-suite-4-10062022_102458-1170x780.jpg 1170w\" sizes=\"auto, (max-width: 615px) 100vw, 615px\" \/>\t\t\t<\/a>\n\t\t<\/figure>\n\t\n\t<div class=\"entry-item-content\">\n\t\t<h2 class=\"entry-item-title\"><a href=\"https:\/\/villazoe-vis.com\/hr\/accommodation\/deluxe-studio-apartment-with-balcony-and-sea-view-2-2-2-2\/\">Deluxe apartman Zoe #4 - sa tarasom<\/a><\/h2>\n\t\t\t\t\t<div class=\"entry-item-excerpt\">\n\t\t\t\t<p>54m2<sup><\/sup> \/ Terasa 17m2 \/ 4pax<\/p>\n\t\t\t<\/div>\n\t\t\n\t\t<a href=\"https:\/\/villazoe-vis.com\/hr\/accommodation\/deluxe-studio-apartment-with-balcony-and-sea-view-2-2-2-2\/\" class=\"btn btn-entry-more\">\n\t\t\tLearn More\t\t<\/a>\n\t<\/div>\n<\/div>\n<\/div>\t\t\t\t<div class=\"apartments term-10 col-sm-6 col-12\">\n<div id=\"entry-item-615\" class=\"entry-item post-615 ignition-accommodati type-ignition-accommodati status-publish has-post-thumbnail hentry ignition_accommodation_category-apartments\">\n\t\t\t<figure class=\"entry-item-thumb\">\n\t\t\t<a href=\"https:\/\/villazoe-vis.com\/hr\/accommodation\/deluxe-studio-apartment-with-balcony-and-sea-view-2-2-2-2-2\/\">\n\t\t\t\t<img loading=\"lazy\" decoding=\"async\" width=\"615\" height=\"410\" src=\"https:\/\/villazoe-vis.com\/wp-content\/uploads\/2023\/01\/villa-Zoe-vis-suite-5-10062022_104229-1-615x410.jpg\" class=\"attachment-ignition_item size-ignition_item wp-post-image\" alt=\"\" srcset=\"https:\/\/villazoe-vis.com\/wp-content\/uploads\/2023\/01\/villa-Zoe-vis-suite-5-10062022_104229-1-615x410.jpg 615w, https:\/\/villazoe-vis.com\/wp-content\/uploads\/2023\/01\/villa-Zoe-vis-suite-5-10062022_104229-1-870x580.jpg 870w, https:\/\/villazoe-vis.com\/wp-content\/uploads\/2023\/01\/villa-Zoe-vis-suite-5-10062022_104229-1-1170x780.jpg 1170w\" sizes=\"auto, (max-width: 615px) 100vw, 615px\" \/>\t\t\t<\/a>\n\t\t<\/figure>\n\t\n\t<div class=\"entry-item-content\">\n\t\t<h2 class=\"entry-item-title\"><a href=\"https:\/\/villazoe-vis.com\/hr\/accommodation\/deluxe-studio-apartment-with-balcony-and-sea-view-2-2-2-2-2\/\">Deluxe apartman Zoe #5 - sa tarasom<\/a><\/h2>\n\t\t\t\t\t<div class=\"entry-item-excerpt\">\n\t\t\t\t<p>54m2<sup><\/sup> \/ Terasa 17m2 \/ 4pax<\/p>\n\t\t\t<\/div>\n\t\t\n\t\t<a href=\"https:\/\/villazoe-vis.com\/hr\/accommodation\/deluxe-studio-apartment-with-balcony-and-sea-view-2-2-2-2-2\/\" class=\"btn btn-entry-more\">\n\t\t\tLearn More\t\t<\/a>\n\t<\/div>\n<\/div>\n<\/div>\t\t\t\t<div class=\"apartments term-10 col-sm-6 col-12\">\n<div id=\"entry-item-634\" class=\"entry-item post-634 ignition-accommodati type-ignition-accommodati status-publish has-post-thumbnail hentry ignition_accommodation_category-apartments\">\n\t\t\t<figure class=\"entry-item-thumb\">\n\t\t\t<a href=\"https:\/\/villazoe-vis.com\/hr\/accommodation\/deluxe-studio-apartment-with-balcony-and-sea-view-6\/\">\n\t\t\t\t<img loading=\"lazy\" decoding=\"async\" width=\"615\" height=\"410\" src=\"https:\/\/villazoe-vis.com\/wp-content\/uploads\/2023\/01\/villa-Zoe-vis-suite-6-10062022_105219-615x410.jpg\" class=\"attachment-ignition_item size-ignition_item wp-post-image\" alt=\"\" srcset=\"https:\/\/villazoe-vis.com\/wp-content\/uploads\/2023\/01\/villa-Zoe-vis-suite-6-10062022_105219-615x410.jpg 615w, https:\/\/villazoe-vis.com\/wp-content\/uploads\/2023\/01\/villa-Zoe-vis-suite-6-10062022_105219-870x580.jpg 870w, https:\/\/villazoe-vis.com\/wp-content\/uploads\/2023\/01\/villa-Zoe-vis-suite-6-10062022_105219-1170x780.jpg 1170w\" sizes=\"auto, (max-width: 615px) 100vw, 615px\" \/>\t\t\t<\/a>\n\t\t<\/figure>\n\t\n\t<div class=\"entry-item-content\">\n\t\t<h2 class=\"entry-item-title\"><a href=\"https:\/\/villazoe-vis.com\/hr\/accommodation\/deluxe-studio-apartment-with-balcony-and-sea-view-6\/\">Deluxe apartman Zoe #6 - sa terasom<\/a><\/h2>\n\t\t\t\t\t<div class=\"entry-item-excerpt\">\n\t\t\t\t<p>79m2<sup><\/sup> \/ Terasa 17m2 \/ 4pax<\/p>\n\t\t\t<\/div>\n\t\t\n\t\t<a href=\"https:\/\/villazoe-vis.com\/hr\/accommodation\/deluxe-studio-apartment-with-balcony-and-sea-view-6\/\" class=\"btn btn-entry-more\">\n\t\t\tLearn More\t\t<\/a>\n\t<\/div>\n<\/div>\n<\/div>\t\t\t\t<div class=\"apartments term-10 col-sm-6 col-12\">\n<div id=\"entry-item-885\" class=\"entry-item post-885 ignition-accommodati type-ignition-accommodati status-publish has-post-thumbnail hentry ignition_accommodation_category-apartments\">\n\t\t\t<figure class=\"entry-item-thumb\">\n\t\t\t<a href=\"https:\/\/villazoe-vis.com\/hr\/accommodation\/deluxe-apartment-with-balcony-and-sea-view-7-2\/\">\n\t\t\t\t<img loading=\"lazy\" decoding=\"async\" width=\"615\" height=\"410\" src=\"https:\/\/villazoe-vis.com\/wp-content\/uploads\/2023\/07\/1-615x410.jpg\" class=\"attachment-ignition_item size-ignition_item wp-post-image\" alt=\"\" srcset=\"https:\/\/villazoe-vis.com\/wp-content\/uploads\/2023\/07\/1-615x410.jpg 615w, https:\/\/villazoe-vis.com\/wp-content\/uploads\/2023\/07\/1-300x200.jpg 300w, https:\/\/villazoe-vis.com\/wp-content\/uploads\/2023\/07\/1-1024x682.jpg 1024w, https:\/\/villazoe-vis.com\/wp-content\/uploads\/2023\/07\/1-768x512.jpg 768w, https:\/\/villazoe-vis.com\/wp-content\/uploads\/2023\/07\/1-1536x1023.jpg 1536w, https:\/\/villazoe-vis.com\/wp-content\/uploads\/2023\/07\/1-18x12.jpg 18w, https:\/\/villazoe-vis.com\/wp-content\/uploads\/2023\/07\/1-870x580.jpg 870w, https:\/\/villazoe-vis.com\/wp-content\/uploads\/2023\/07\/1-1170x780.jpg 1170w, https:\/\/villazoe-vis.com\/wp-content\/uploads\/2023\/07\/1.jpg 1600w\" sizes=\"auto, (max-width: 615px) 100vw, 615px\" \/>\t\t\t<\/a>\n\t\t<\/figure>\n\t\n\t<div class=\"entry-item-content\">\n\t\t<h2 class=\"entry-item-title\"><a href=\"https:\/\/villazoe-vis.com\/hr\/accommodation\/deluxe-apartment-with-balcony-and-sea-view-7-2\/\">Deluxe Apartment Zoe #7 \u2013 s terasom<\/a><\/h2>\n\t\t\t\t\t<div class=\"entry-item-excerpt\">\n\t\t\t\t<p>87m2<sup><\/sup> \/ Terasa 33m2 \/ 6 pax<\/p>\n\t\t\t<\/div>\n\t\t\n\t\t<a href=\"https:\/\/villazoe-vis.com\/hr\/accommodation\/deluxe-apartment-with-balcony-and-sea-view-7-2\/\" class=\"btn btn-entry-more\">\n\t\t\tLearn More\t\t<\/a>\n\t<\/div>\n<\/div>\n<\/div>\t\t\t\t<div class=\"apartments term-10 col-sm-6 col-12\">\n<div id=\"entry-item-653\" class=\"entry-item post-653 ignition-accommodati type-ignition-accommodati status-publish has-post-thumbnail hentry ignition_accommodation_category-apartments\">\n\t\t\t<figure class=\"entry-item-thumb\">\n\t\t\t<a href=\"https:\/\/villazoe-vis.com\/hr\/accommodation\/deluxe-apartment-with-balcony-and-sea-view-7\/\">\n\t\t\t\t<img loading=\"lazy\" decoding=\"async\" width=\"615\" height=\"410\" src=\"https:\/\/villazoe-vis.com\/wp-content\/uploads\/2023\/01\/villa-Zoe-vis-suite-8-10062022_112700-615x410.jpg\" class=\"attachment-ignition_item size-ignition_item wp-post-image\" alt=\"\" srcset=\"https:\/\/villazoe-vis.com\/wp-content\/uploads\/2023\/01\/villa-Zoe-vis-suite-8-10062022_112700-615x410.jpg 615w, https:\/\/villazoe-vis.com\/wp-content\/uploads\/2023\/01\/villa-Zoe-vis-suite-8-10062022_112700-870x580.jpg 870w, https:\/\/villazoe-vis.com\/wp-content\/uploads\/2023\/01\/villa-Zoe-vis-suite-8-10062022_112700-1170x780.jpg 1170w\" sizes=\"auto, (max-width: 615px) 100vw, 615px\" \/>\t\t\t<\/a>\n\t\t<\/figure>\n\t\n\t<div class=\"entry-item-content\">\n\t\t<h2 class=\"entry-item-title\"><a href=\"https:\/\/villazoe-vis.com\/hr\/accommodation\/deluxe-apartment-with-balcony-and-sea-view-7\/\">Deluxe apartman Zoe #8 - sa tarasom<\/a><\/h2>\n\t\t\t\t\t<div class=\"entry-item-excerpt\">\n\t\t\t\t<p>87m2<sup><\/sup> \/ Terasa 33m2 \/ 6 pax<\/p>\n\t\t\t<\/div>\n\t\t\n\t\t<a href=\"https:\/\/villazoe-vis.com\/hr\/accommodation\/deluxe-apartment-with-balcony-and-sea-view-7\/\" class=\"btn btn-entry-more\">\n\t\t\tLearn More\t\t<\/a>\n\t<\/div>\n<\/div>\n<\/div><\/div><\/div><\/div><\/div>\n<\/div><\/div><div class=\"wp-block-gutenbee-container-background\" data-parallax-speed=\"0.3\"><\/div><\/div>","protected":false},"excerpt":{"rendered":"<p>Informacije o na\u0161em prekrasnom hotelu<\/p>","protected":false},"author":1,"featured_media":0,"parent":0,"menu_order":0,"comment_status":"closed","ping_status":"closed","template":"templates\/template-fullwidth-boxed.php","meta":{"footnotes":""},"class_list":["post-86","page","type-page","status-publish","hentry"],"yoast_head":"<!-- This site is optimized with the Yoast SEO plugin v27.0 - https:\/\/yoast.com\/product\/yoast-seo-wordpress\/ -->\n<title>About Us - Villa Zoe Suites - Vis island<\/title>\n<meta name=\"robots\" content=\"index, follow, max-snippet:-1, max-image-preview:large, max-video-preview:-1\" \/>\n<link rel=\"canonical\" href=\"https:\/\/villazoe-vis.com\/hr\/about-us\/\" \/>\n<meta property=\"og:locale\" content=\"hr_HR\" \/>\n<meta property=\"og:type\" content=\"article\" \/>\n<meta property=\"og:title\" content=\"About Us - Villa Zoe Suites - Vis island\" \/>\n<meta property=\"og:description\" content=\"Information about our beautiful hotel\" \/>\n<meta property=\"og:url\" content=\"https:\/\/villazoe-vis.com\/hr\/about-us\/\" \/>\n<meta property=\"og:site_name\" content=\"Villa Zoe Suites - Vis island\" \/>\n<meta property=\"article:modified_time\" content=\"2023-07-04T10:23:23+00:00\" \/>\n<meta name=\"twitter:card\" content=\"summary_large_image\" \/>\n<meta name=\"twitter:label1\" content=\"Procijenjeno vrijeme \u010ditanja\" \/>\n\t<meta name=\"twitter:data1\" content=\"1 minuta\" \/>\n<script type=\"application\/ld+json\" class=\"yoast-schema-graph\">{\"@context\":\"https:\/\/schema.org\",\"@graph\":[{\"@type\":\"WebPage\",\"@id\":\"https:\/\/villazoe-vis.com\/about-us\/\",\"url\":\"https:\/\/villazoe-vis.com\/about-us\/\",\"name\":\"About Us - Villa Zoe Suites - Vis island\",\"isPartOf\":{\"@id\":\"https:\/\/villazoe-vis.com\/#website\"},\"datePublished\":\"2020-09-21T16:46:07+00:00\",\"dateModified\":\"2023-07-04T10:23:23+00:00\",\"breadcrumb\":{\"@id\":\"https:\/\/villazoe-vis.com\/about-us\/#breadcrumb\"},\"inLanguage\":\"hr\",\"potentialAction\":[{\"@type\":\"ReadAction\",\"target\":[\"https:\/\/villazoe-vis.com\/about-us\/\"]}]},{\"@type\":\"BreadcrumbList\",\"@id\":\"https:\/\/villazoe-vis.com\/about-us\/#breadcrumb\",\"itemListElement\":[{\"@type\":\"ListItem\",\"position\":1,\"name\":\"Home\",\"item\":\"https:\/\/villazoe-vis.com\/\"},{\"@type\":\"ListItem\",\"position\":2,\"name\":\"About Us\"}]},{\"@type\":\"WebSite\",\"@id\":\"https:\/\/villazoe-vis.com\/#website\",\"url\":\"https:\/\/villazoe-vis.com\/\",\"name\":\"Villa Zoe Suites - Vis island\",\"description\":\"Luxury apartments on Island Vis\",\"publisher\":{\"@id\":\"https:\/\/villazoe-vis.com\/#organization\"},\"potentialAction\":[{\"@type\":\"SearchAction\",\"target\":{\"@type\":\"EntryPoint\",\"urlTemplate\":\"https:\/\/villazoe-vis.com\/?s={search_term_string}\"},\"query-input\":{\"@type\":\"PropertyValueSpecification\",\"valueRequired\":true,\"valueName\":\"search_term_string\"}}],\"inLanguage\":\"hr\"},{\"@type\":\"Organization\",\"@id\":\"https:\/\/villazoe-vis.com\/#organization\",\"name\":\"Villa Zoe Suites - Vis island\",\"url\":\"https:\/\/villazoe-vis.com\/\",\"logo\":{\"@type\":\"ImageObject\",\"inLanguage\":\"hr\",\"@id\":\"https:\/\/villazoe-vis.com\/#\/schema\/logo\/image\/\",\"url\":\"https:\/\/villazoe-vis.com\/wp-content\/uploads\/2023\/01\/logo-1.png\",\"contentUrl\":\"https:\/\/villazoe-vis.com\/wp-content\/uploads\/2023\/01\/logo-1.png\",\"width\":117,\"height\":38,\"caption\":\"Villa Zoe Suites - Vis island\"},\"image\":{\"@id\":\"https:\/\/villazoe-vis.com\/#\/schema\/logo\/image\/\"}}]}<\/script>\n<!-- \/ Yoast SEO plugin. -->","yoast_head_json":{"title":"About Us - Villa Zoe Suites - Vis island","robots":{"index":"index","follow":"follow","max-snippet":"max-snippet:-1","max-image-preview":"max-image-preview:large","max-video-preview":"max-video-preview:-1"},"canonical":"https:\/\/villazoe-vis.com\/hr\/about-us\/","og_locale":"hr_HR","og_type":"article","og_title":"About Us - Villa Zoe Suites - Vis island","og_description":"Information about our beautiful hotel","og_url":"https:\/\/villazoe-vis.com\/hr\/about-us\/","og_site_name":"Villa Zoe Suites - Vis island","article_modified_time":"2023-07-04T10:23:23+00:00","twitter_card":"summary_large_image","twitter_misc":{"Procijenjeno vrijeme \u010ditanja":"1 minuta"},"schema":{"@context":"https:\/\/schema.org","@graph":[{"@type":"WebPage","@id":"https:\/\/villazoe-vis.com\/about-us\/","url":"https:\/\/villazoe-vis.com\/about-us\/","name":"About Us - Villa Zoe Suites - Vis island","isPartOf":{"@id":"https:\/\/villazoe-vis.com\/#website"},"datePublished":"2020-09-21T16:46:07+00:00","dateModified":"2023-07-04T10:23:23+00:00","breadcrumb":{"@id":"https:\/\/villazoe-vis.com\/about-us\/#breadcrumb"},"inLanguage":"hr","potentialAction":[{"@type":"ReadAction","target":["https:\/\/villazoe-vis.com\/about-us\/"]}]},{"@type":"BreadcrumbList","@id":"https:\/\/villazoe-vis.com\/about-us\/#breadcrumb","itemListElement":[{"@type":"ListItem","position":1,"name":"Home","item":"https:\/\/villazoe-vis.com\/"},{"@type":"ListItem","position":2,"name":"About Us"}]},{"@type":"WebSite","@id":"https:\/\/villazoe-vis.com\/#website","url":"https:\/\/villazoe-vis.com\/","name":"Villa Zoe Suites - Vis island","description":"Luxury apartments on Island Vis","publisher":{"@id":"https:\/\/villazoe-vis.com\/#organization"},"potentialAction":[{"@type":"SearchAction","target":{"@type":"EntryPoint","urlTemplate":"https:\/\/villazoe-vis.com\/?s={search_term_string}"},"query-input":{"@type":"PropertyValueSpecification","valueRequired":true,"valueName":"search_term_string"}}],"inLanguage":"hr"},{"@type":"Organization","@id":"https:\/\/villazoe-vis.com\/#organization","name":"Villa Zoe Suites - Vis island","url":"https:\/\/villazoe-vis.com\/","logo":{"@type":"ImageObject","inLanguage":"hr","@id":"https:\/\/villazoe-vis.com\/#\/schema\/logo\/image\/","url":"https:\/\/villazoe-vis.com\/wp-content\/uploads\/2023\/01\/logo-1.png","contentUrl":"https:\/\/villazoe-vis.com\/wp-content\/uploads\/2023\/01\/logo-1.png","width":117,"height":38,"caption":"Villa Zoe Suites - Vis island"},"image":{"@id":"https:\/\/villazoe-vis.com\/#\/schema\/logo\/image\/"}}]}},"_links":{"self":[{"href":"https:\/\/villazoe-vis.com\/hr\/wp-json\/wp\/v2\/pages\/86","targetHints":{"allow":["GET"]}}],"collection":[{"href":"https:\/\/villazoe-vis.com\/hr\/wp-json\/wp\/v2\/pages"}],"about":[{"href":"https:\/\/villazoe-vis.com\/hr\/wp-json\/wp\/v2\/types\/page"}],"author":[{"embeddable":true,"href":"https:\/\/villazoe-vis.com\/hr\/wp-json\/wp\/v2\/users\/1"}],"replies":[{"embeddable":true,"href":"https:\/\/villazoe-vis.com\/hr\/wp-json\/wp\/v2\/comments?post=86"}],"version-history":[{"count":18,"href":"https:\/\/villazoe-vis.com\/hr\/wp-json\/wp\/v2\/pages\/86\/revisions"}],"predecessor-version":[{"id":880,"href":"https:\/\/villazoe-vis.com\/hr\/wp-json\/wp\/v2\/pages\/86\/revisions\/880"}],"wp:attachment":[{"href":"https:\/\/villazoe-vis.com\/hr\/wp-json\/wp\/v2\/media?parent=86"}],"curies":[{"name":"wp","href":"https:\/\/api.w.org\/{rel}","templated":true}]}}